{"id":988066,"date":"2025-06-05T15:27:51","date_gmt":"2025-06-05T15:27:51","guid":{"rendered":"https:\/\/memmag.hu\/?post_type=product&#038;p=988066"},"modified":"2025-06-29T13:37:20","modified_gmt":"2025-06-29T13:37:20","slug":"emlekdisplay-sziv-duo","status":"publish","type":"product","link":"https:\/\/memmag.hu\/sk\/emlekek\/emlekdisplay-sziv-duo\/","title":{"rendered":"Eml\u00e9kDisplay Sz\u00edv Duo"},"content":{"rendered":"<div data-elementor-type=\"product-post\" data-elementor-id=\"988066\" class=\"elementor elementor-988066\" data-elementor-post-type=\"product\">\n\t\t\t\t\t\t<section class=\"elementor-section elementor-top-section elementor-element elementor-element-2bb8ed22 elementor-section-boxed elementor-section-height-default elementor-section-height-default\" data-id=\"2bb8ed22\" data-element_type=\"section\">\n\t\t\t\t\t\t<div class=\"elementor-container elementor-column-gap-default\">\n\t\t\t\t\t<div class=\"elementor-column elementor-col-100 elementor-top-column elementor-element elementor-element-547bb3c9\" data-id=\"547bb3c9\" data-element_type=\"column\">\n\t\t\t<div class=\"elementor-widget-wrap elementor-element-populated\">\n\t\t\t\t\t\t<div class=\"elementor-element elementor-element-f6e84e8 elementor-widget elementor-widget-heading\" data-id=\"f6e84e8\" data-element_type=\"widget\" data-widget_type=\"heading.default\">\n\t\t\t\t<div class=\"elementor-widget-container\">\n\t\t\t\t\t<h2 class=\"elementor-heading-title elementor-size-default\">\u2139\ufe0f Fontos tudnival\u00f3 az Eml\u00e9kDisplay keretekr\u0151l<\/h2>\t\t\t\t<\/div>\n\t\t\t\t<\/div>\n\t\t\t\t<div class=\"elementor-element elementor-element-26617fda elementor-widget elementor-widget-text-editor\" data-id=\"26617fda\" data-element_type=\"widget\" data-widget_type=\"text-editor.default\">\n\t\t\t\t<div class=\"elementor-widget-container\">\n\t\t\t\t\t\t\t\t\t<p>Az Eml\u00e9kDisplay keretek minden darabja egyedi megrendel\u00e9s alapj\u00e1n k\u00e9sz\u00fcl \u2013 nem t\u00f6meggy\u00e1rtott term\u00e9k, hanem szem\u00e9lyre sz\u00f3l\u00f3 kis eml\u00e9ktart\u00f3.<br>3D nyomtat\u00e1ssal, FDM technol\u00f3gi\u00e1val k\u00e9sz\u00edtj\u00fck \u0151ket, a lehet\u0151 legmagasabb min\u0151s\u00e9gi be\u00e1ll\u00edt\u00e1sokkal. Ennek k\u00f6sz\u00f6nhet\u0151en minden keret prec\u00edz, stabil \u00e9s hossz\u00fa \u00e9let\u0171.<\/p>\n<p>Fontos azonban tudni, hogy az FDM nyomtat\u00e1s saj\u00e1toss\u00e1gaib\u00f3l ad\u00f3d\u00f3an a keretek felsz\u00edne nem teljesen sima \u2013 a r\u00e9tegek finoman tapinthat\u00f3k, \u00e9s ez a fel\u00fcleten is l\u00e1that\u00f3 lehet.<br>Ezt igyeksz\u00fcnk a term\u00e9kfot\u00f3kon is \u0151szint\u00e9n megmutatni, hogy pontos k\u00e9pet kapj arr\u00f3l, mit rendelsz.<\/p>\n<p>Mi abban hisz\u00fcnk, hogy az eml\u00e9kek sz\u00e9ps\u00e9ge nem a t\u00f6k\u00e9letess\u00e9gben, hanem az egyedis\u00e9gben rejlik \u2013 ez\u00e9rt minden Eml\u00e9kDisplay egyszerre modern technol\u00f3gia \u00e9s szem\u00e9lyes gondoskod\u00e1s eredm\u00e9nye.<\/p>\n<p>K\u00e9rj\u00fck, csak akkor rendelj, ha ezt elfogadod \u00e9s \u00e9rt\u00e9keled \u2013 \u00edgy garant\u00e1ltan \u00f6r\u00f6met fog okozni. \u2764\ufe0f<\/p>\t\t\t\t\t\t\t\t<\/div>\n\t\t\t\t<\/div>\n\t\t\t\t\t<\/div>\n\t\t<\/div>\n\t\t\t\t\t<\/div>\n\t\t<\/section>\n\t\t\t\t<\/div>","protected":false},"excerpt":{"rendered":"<p>K\u00e9t sz\u00edv, k\u00e9t fot\u00f3, egy t\u00f6rt\u00e9net.<br \/>\nAz Eml\u00e9kDisplay Sz\u00edv Duo romantikus, m\u00e9gis modern darab. K\u00e9t m\u00e1gnes helyezhet\u0151 bele, sz\u00edv form\u00e1j\u00fa elrendez\u00e9sben \u2013 ami azonnal k\u00fcl\u00f6nlegess\u00e9 teszi.<br \/>\nT\u00f6k\u00e9letes v\u00e1laszt\u00e1s \u00e9vfordul\u00f3ra, szerelmes aj\u00e1nd\u00e9knak, de ak\u00e1r anya-l\u00e1nya vagy testv\u00e9rp\u00e1r fot\u00f3khoz is.<br \/>\nLetisztult form\u00e1ja miatt minden enteri\u0151rbe illik, \u00e9s garant\u00e1ltan mosolyt csal az arcokra.<\/p>","protected":false},"featured_media":988500,"comment_status":"closed","ping_status":"closed","template":"","meta":{"_themeisle_gutenberg_block_has_review":false},"product_brand":[],"product_cat":[941],"product_tag":[],"class_list":{"0":"post-988066","1":"product","2":"type-product","3":"status-publish","4":"has-post-thumbnail","6":"product_cat-emlekdisplay","8":"first","9":"instock","10":"taxable","11":"shipping-taxable","12":"purchasable","13":"product-type-variable"},"yoast_head":"<!-- This site is optimized with the Yoast SEO Premium plugin v25.6 (Yoast SEO v25.8) - https:\/\/yoast.com\/wordpress\/plugins\/seo\/ -->\n<title>Eml\u00e9kDisplay Sz\u00edv Duo | MemMag | Az Eml\u00e9km\u00e1gnes<\/title>\n<meta name=\"robots\" content=\"index, follow, max-snippet:-1, max-image-preview:large, max-video-preview:-1\" \/>\n<link rel=\"canonical\" href=\"https:\/\/memmag.hu\/sk\/emlekek\/emlekdisplay-sziv-duo\/\" \/>\n<meta property=\"og:locale\" content=\"sk_SK\" \/>\n<meta property=\"og:type\" content=\"article\" \/>\n<meta property=\"og:title\" content=\"Eml\u00e9kDisplay Sz\u00edv Duo\" \/>\n<meta property=\"og:description\" content=\"K\u00e9t sz\u00edv, k\u00e9t fot\u00f3, egy t\u00f6rt\u00e9net. Az Eml\u00e9kDisplay Sz\u00edv Duo romantikus, m\u00e9gis modern darab. K\u00e9t m\u00e1gnes helyezhet\u0151 bele, sz\u00edv form\u00e1j\u00fa elrendez\u00e9sben \u2013 ami azonnal k\u00fcl\u00f6nlegess\u00e9 teszi. T\u00f6k\u00e9letes v\u00e1laszt\u00e1s \u00e9vfordul\u00f3ra, szerelmes aj\u00e1nd\u00e9knak, de ak\u00e1r anya-l\u00e1nya vagy testv\u00e9rp\u00e1r fot\u00f3khoz is. Letisztult form\u00e1ja miatt minden enteri\u0151rbe illik, \u00e9s garant\u00e1ltan mosolyt csal az arcokra.\" \/>\n<meta property=\"og:url\" content=\"https:\/\/memmag.hu\/sk\/emlekek\/emlekdisplay-sziv-duo\/\" \/>\n<meta property=\"og:site_name\" content=\"MemMag | Az Eml\u00e9km\u00e1gnes\" \/>\n<meta property=\"article:publisher\" content=\"https:\/\/facebook.com\/memmag.hu\" \/>\n<meta property=\"article:modified_time\" content=\"2025-06-29T13:37:20+00:00\" \/>\n<meta property=\"og:image\" content=\"https:\/\/memmag.hu\/wp-content\/uploads\/2025\/06\/h2-scaled.jpg\" \/>\n\t<meta property=\"og:image:width\" content=\"2048\" \/>\n\t<meta property=\"og:image:height\" content=\"2560\" \/>\n\t<meta property=\"og:image:type\" content=\"image\/jpeg\" \/>\n<meta name=\"twitter:card\" content=\"summary_large_image\" \/>\n<meta name=\"twitter:label1\" content=\"Dostupnos\u0165\" \/>\n\t<meta name=\"twitter:data1\" content=\"Na sklade\" \/>\n<script type=\"application\/ld+json\" class=\"yoast-schema-graph\">{\"@context\":\"https:\/\/schema.org\",\"@graph\":[{\"@type\":\"WebPage\",\"@id\":\"https:\/\/memmag.hu\/emlekek\/emlekdisplay-sziv-duo\/\",\"url\":\"https:\/\/memmag.hu\/emlekek\/emlekdisplay-sziv-duo\/\",\"name\":\"Eml\u00e9kDisplay Sz\u00edv Duo | MemMag | Az Eml\u00e9km\u00e1gnes\",\"isPartOf\":{\"@id\":\"https:\/\/memmag.hu\/#website\"},\"primaryImageOfPage\":{\"@id\":\"https:\/\/memmag.hu\/emlekek\/emlekdisplay-sziv-duo\/#primaryimage\"},\"image\":{\"@id\":\"https:\/\/memmag.hu\/emlekek\/emlekdisplay-sziv-duo\/#primaryimage\"},\"thumbnailUrl\":\"https:\/\/memmag.hu\/wp-content\/uploads\/2025\/06\/h2-scaled.jpg\",\"datePublished\":\"2025-06-05T15:27:51+00:00\",\"dateModified\":\"2025-06-29T13:37:20+00:00\",\"breadcrumb\":{\"@id\":\"https:\/\/memmag.hu\/emlekek\/emlekdisplay-sziv-duo\/#breadcrumb\"},\"inLanguage\":\"sk-SK\",\"potentialAction\":[{\"@type\":\"ReadAction\",\"target\":[\"https:\/\/memmag.hu\/emlekek\/emlekdisplay-sziv-duo\/\"]}]},{\"@type\":\"ImageObject\",\"inLanguage\":\"sk-SK\",\"@id\":\"https:\/\/memmag.hu\/emlekek\/emlekdisplay-sziv-duo\/#primaryimage\",\"url\":\"https:\/\/memmag.hu\/wp-content\/uploads\/2025\/06\/h2-scaled.jpg\",\"contentUrl\":\"https:\/\/memmag.hu\/wp-content\/uploads\/2025\/06\/h2-scaled.jpg\",\"width\":2048,\"height\":2560},{\"@type\":\"BreadcrumbList\",\"@id\":\"https:\/\/memmag.hu\/emlekek\/emlekdisplay-sziv-duo\/#breadcrumb\",\"itemListElement\":[{\"@type\":\"ListItem\",\"position\":1,\"name\":\"Home\",\"item\":\"https:\/\/memmag.hu\/\"},{\"@type\":\"ListItem\",\"position\":2,\"name\":\"Shop\",\"item\":\"https:\/\/memmag.hu\/shop\/\"},{\"@type\":\"ListItem\",\"position\":3,\"name\":\"Eml\u00e9kDisplay Sz\u00edv Duo\"}]},{\"@type\":\"WebSite\",\"@id\":\"https:\/\/memmag.hu\/#website\",\"url\":\"https:\/\/memmag.hu\/\",\"name\":\"MemMag | Az Eml\u00e9km\u00e1gnes\",\"description\":\"MemMag | Az Eml\u00e9km\u00e1gnes\",\"publisher\":{\"@id\":\"https:\/\/memmag.hu\/#organization\"},\"potentialAction\":[{\"@type\":\"SearchAction\",\"target\":{\"@type\":\"EntryPoint\",\"urlTemplate\":\"https:\/\/memmag.hu\/?s={search_term_string}\"},\"query-input\":{\"@type\":\"PropertyValueSpecification\",\"valueRequired\":true,\"valueName\":\"search_term_string\"}}],\"inLanguage\":\"sk-SK\"},{\"@type\":\"Organization\",\"@id\":\"https:\/\/memmag.hu\/#organization\",\"name\":\"MemMag | Az Eml\u00e9km\u00e1gnes\",\"url\":\"https:\/\/memmag.hu\/\",\"logo\":{\"@type\":\"ImageObject\",\"inLanguage\":\"sk-SK\",\"@id\":\"https:\/\/memmag.hu\/#\/schema\/logo\/image\/\",\"url\":\"https:\/\/memmag.hu\/wp-content\/uploads\/2025\/05\/memmag_hu.png\",\"contentUrl\":\"https:\/\/memmag.hu\/wp-content\/uploads\/2025\/05\/memmag_hu.png\",\"width\":800,\"height\":244,\"caption\":\"MemMag | Az Eml\u00e9km\u00e1gnes\"},\"image\":{\"@id\":\"https:\/\/memmag.hu\/#\/schema\/logo\/image\/\"},\"sameAs\":[\"https:\/\/facebook.com\/memmag.hu\",\"https:\/\/instagram.com\/memmag.hu\"]}]}<\/script>\n<meta property=\"og:availability\" content=\"instock\" \/>\n<meta property=\"product:availability\" content=\"instock\" \/>\n<meta property=\"product:condition\" content=\"new\" \/>\n<!-- \/ Yoast SEO Premium plugin. -->","yoast_head_json":{"title":"Eml\u00e9kDisplay Sz\u00edv Duo | MemMag | Az Eml\u00e9km\u00e1gnes","robots":{"index":"index","follow":"follow","max-snippet":"max-snippet:-1","max-image-preview":"max-image-preview:large","max-video-preview":"max-video-preview:-1"},"canonical":"https:\/\/memmag.hu\/sk\/emlekek\/emlekdisplay-sziv-duo\/","og_locale":"sk_SK","og_type":"article","og_title":"Eml\u00e9kDisplay Sz\u00edv Duo","og_description":"K\u00e9t sz\u00edv, k\u00e9t fot\u00f3, egy t\u00f6rt\u00e9net. Az Eml\u00e9kDisplay Sz\u00edv Duo romantikus, m\u00e9gis modern darab. K\u00e9t m\u00e1gnes helyezhet\u0151 bele, sz\u00edv form\u00e1j\u00fa elrendez\u00e9sben \u2013 ami azonnal k\u00fcl\u00f6nlegess\u00e9 teszi. T\u00f6k\u00e9letes v\u00e1laszt\u00e1s \u00e9vfordul\u00f3ra, szerelmes aj\u00e1nd\u00e9knak, de ak\u00e1r anya-l\u00e1nya vagy testv\u00e9rp\u00e1r fot\u00f3khoz is. Letisztult form\u00e1ja miatt minden enteri\u0151rbe illik, \u00e9s garant\u00e1ltan mosolyt csal az arcokra.","og_url":"https:\/\/memmag.hu\/sk\/emlekek\/emlekdisplay-sziv-duo\/","og_site_name":"MemMag | Az Eml\u00e9km\u00e1gnes","article_publisher":"https:\/\/facebook.com\/memmag.hu","article_modified_time":"2025-06-29T13:37:20+00:00","og_image":[{"width":2048,"height":2560,"url":"https:\/\/memmag.hu\/wp-content\/uploads\/2025\/06\/h2-scaled.jpg","type":"image\/jpeg"}],"twitter_card":"summary_large_image","twitter_misc":{"Dostupnos\u0165":"Na sklade"},"schema":{"@context":"https:\/\/schema.org","@graph":[{"@type":"WebPage","@id":"https:\/\/memmag.hu\/emlekek\/emlekdisplay-sziv-duo\/","url":"https:\/\/memmag.hu\/emlekek\/emlekdisplay-sziv-duo\/","name":"Eml\u00e9kDisplay Sz\u00edv Duo | MemMag | Az Eml\u00e9km\u00e1gnes","isPartOf":{"@id":"https:\/\/memmag.hu\/#website"},"primaryImageOfPage":{"@id":"https:\/\/memmag.hu\/emlekek\/emlekdisplay-sziv-duo\/#primaryimage"},"image":{"@id":"https:\/\/memmag.hu\/emlekek\/emlekdisplay-sziv-duo\/#primaryimage"},"thumbnailUrl":"https:\/\/memmag.hu\/wp-content\/uploads\/2025\/06\/h2-scaled.jpg","datePublished":"2025-06-05T15:27:51+00:00","dateModified":"2025-06-29T13:37:20+00:00","breadcrumb":{"@id":"https:\/\/memmag.hu\/emlekek\/emlekdisplay-sziv-duo\/#breadcrumb"},"inLanguage":"sk-SK","potentialAction":[{"@type":"ReadAction","target":["https:\/\/memmag.hu\/emlekek\/emlekdisplay-sziv-duo\/"]}]},{"@type":"ImageObject","inLanguage":"sk-SK","@id":"https:\/\/memmag.hu\/emlekek\/emlekdisplay-sziv-duo\/#primaryimage","url":"https:\/\/memmag.hu\/wp-content\/uploads\/2025\/06\/h2-scaled.jpg","contentUrl":"https:\/\/memmag.hu\/wp-content\/uploads\/2025\/06\/h2-scaled.jpg","width":2048,"height":2560},{"@type":"BreadcrumbList","@id":"https:\/\/memmag.hu\/emlekek\/emlekdisplay-sziv-duo\/#breadcrumb","itemListElement":[{"@type":"ListItem","position":1,"name":"Home","item":"https:\/\/memmag.hu\/"},{"@type":"ListItem","position":2,"name":"Shop","item":"https:\/\/memmag.hu\/shop\/"},{"@type":"ListItem","position":3,"name":"Eml\u00e9kDisplay Sz\u00edv Duo"}]},{"@type":"WebSite","@id":"https:\/\/memmag.hu\/#website","url":"https:\/\/memmag.hu\/","name":"MemMag | Az Eml\u00e9km\u00e1gnes","description":"MemMag | Az Eml\u00e9km\u00e1gnes","publisher":{"@id":"https:\/\/memmag.hu\/#organization"},"potentialAction":[{"@type":"SearchAction","target":{"@type":"EntryPoint","urlTemplate":"https:\/\/memmag.hu\/?s={search_term_string}"},"query-input":{"@type":"PropertyValueSpecification","valueRequired":true,"valueName":"search_term_string"}}],"inLanguage":"sk-SK"},{"@type":"Organization","@id":"https:\/\/memmag.hu\/#organization","name":"MemMag | Az Eml\u00e9km\u00e1gnes","url":"https:\/\/memmag.hu\/","logo":{"@type":"ImageObject","inLanguage":"sk-SK","@id":"https:\/\/memmag.hu\/#\/schema\/logo\/image\/","url":"https:\/\/memmag.hu\/wp-content\/uploads\/2025\/05\/memmag_hu.png","contentUrl":"https:\/\/memmag.hu\/wp-content\/uploads\/2025\/05\/memmag_hu.png","width":800,"height":244,"caption":"MemMag | Az Eml\u00e9km\u00e1gnes"},"image":{"@id":"https:\/\/memmag.hu\/#\/schema\/logo\/image\/"},"sameAs":["https:\/\/facebook.com\/memmag.hu","https:\/\/instagram.com\/memmag.hu"]}]},"og_availability":"instock","product_availability":"instock","product_condition":"new"},"jetpack_sharing_enabled":true,"_links":{"self":[{"href":"https:\/\/memmag.hu\/sk\/wp-json\/wp\/v2\/product\/988066","targetHints":{"allow":["GET"]}}],"collection":[{"href":"https:\/\/memmag.hu\/sk\/wp-json\/wp\/v2\/product"}],"about":[{"href":"https:\/\/memmag.hu\/sk\/wp-json\/wp\/v2\/types\/product"}],"replies":[{"embeddable":true,"href":"https:\/\/memmag.hu\/sk\/wp-json\/wp\/v2\/comments?post=988066"}],"version-history":[{"count":2,"href":"https:\/\/memmag.hu\/sk\/wp-json\/wp\/v2\/product\/988066\/revisions"}],"predecessor-version":[{"id":988457,"href":"https:\/\/memmag.hu\/sk\/wp-json\/wp\/v2\/product\/988066\/revisions\/988457"}],"wp:featuredmedia":[{"embeddable":true,"href":"https:\/\/memmag.hu\/sk\/wp-json\/wp\/v2\/media\/988500"}],"wp:attachment":[{"href":"https:\/\/memmag.hu\/sk\/wp-json\/wp\/v2\/media?parent=988066"}],"wp:term":[{"taxonomy":"product_brand","embeddable":true,"href":"https:\/\/memmag.hu\/sk\/wp-json\/wp\/v2\/product_brand?post=988066"},{"taxonomy":"product_cat","embeddable":true,"href":"https:\/\/memmag.hu\/sk\/wp-json\/wp\/v2\/product_cat?post=988066"},{"taxonomy":"product_tag","embeddable":true,"href":"https:\/\/memmag.hu\/sk\/wp-json\/wp\/v2\/product_tag?post=988066"}],"curies":[{"name":"wp","href":"https:\/\/api.w.org\/{rel}","templated":true}]}}